{"id":638,"date":"2023-05-29T12:13:09","date_gmt":"2023-05-29T12:13:09","guid":{"rendered":"https:\/\/yolysaa.info\/bio"},"modified":"2024-05-13T09:55:34","modified_gmt":"2024-05-13T09:55:34","slug":"bio","status":"publish","type":"page","link":"https:\/\/yolysaa.info\/en\/bio\/","title":{"rendered":"Bio"},"content":{"rendered":"\t\t<div data-elementor-type=\"wp-page\" data-elementor-id=\"638\" class=\"elementor elementor-638 elementor-81\">\n\t\t\t\t\t\t<section class=\"elementor-section elementor-top-section elementor-element elementor-element-616a822 elementor-section-full_width elementor-section-height-min-height elementor-section-items-stretch elementor-section-content-middle elementor-section-height-default\" data-id=\"616a822\" data-element_type=\"section\" data-settings=\"{&quot;shape_divider_bottom&quot;:&quot;triangle-asymmetrical&quot;}\">\n\t\t\t\t\t<div class=\"elementor-shape elementor-shape-bottom\" data-negative=\"false\">\n\t\t\t<svg xmlns=\"http:\/\/www.w3.org\/2000\/svg\" viewBox=\"0 0 1000 100\" preserveAspectRatio=\"none\">\n\t<path class=\"elementor-shape-fill\" d=\"M738,99l262-93V0H0v5.6L738,99z\"\/>\n<\/svg>\t\t<\/div>\n\t\t\t\t\t<div class=\"elementor-container elementor-column-gap-no\">\n\t\t\t\t\t<div class=\"elementor-column elementor-col-50 elementor-top-column elementor-element elementor-element-35706e1\" data-id=\"35706e1\" data-element_type=\"column\" data-settings=\"{&quot;background_background&quot;:&quot;classic&quot;}\">\n\t\t\t<div class=\"elementor-widget-wrap elementor-element-populated\">\n\t\t\t\t\t\t<div class=\"elementor-element elementor-element-fcde8f5 elementor-widget elementor-widget-spacer\" data-id=\"fcde8f5\" data-element_type=\"widget\" data-widget_type=\"spacer.default\">\n\t\t\t\t<div class=\"elementor-widget-container\">\n\t\t\t\t\t\t\t<div class=\"elementor-spacer\">\n\t\t\t<div class=\"elementor-spacer-inner\"><\/div>\n\t\t<\/div>\n\t\t\t\t\t\t<\/div>\n\t\t\t\t<\/div>\n\t\t\t\t\t<\/div>\n\t\t<\/div>\n\t\t\t\t<div class=\"elementor-column elementor-col-50 elementor-top-column elementor-element elementor-element-c721921\" data-id=\"c721921\" data-element_type=\"column\">\n\t\t\t<div class=\"elementor-widget-wrap elementor-element-populated\">\n\t\t\t\t\t\t<div class=\"elementor-element elementor-element-6c170ca elementor-widget elementor-widget-heading\" data-id=\"6c170ca\" data-element_type=\"widget\" data-widget_type=\"heading.default\">\n\t\t\t\t<div class=\"elementor-widget-container\">\n\t\t\t\t\t<h1 class=\"elementor-heading-title elementor-size-default\">Biography<\/h1>\t\t\t\t<\/div>\n\t\t\t\t<\/div>\n\t\t\t\t\t<\/div>\n\t\t<\/div>\n\t\t\t\t\t<\/div>\n\t\t<\/section>\n\t\t\t\t<section class=\"elementor-section elementor-top-section elementor-element elementor-element-30e828b elementor-section-full_width elementor-section-height-default elementor-section-height-default\" data-id=\"30e828b\" data-element_type=\"section\" data-settings=\"{&quot;background_background&quot;:&quot;classic&quot;}\">\n\t\t\t\t\t\t<div class=\"elementor-container elementor-column-gap-no\">\n\t\t\t\t\t<div class=\"elementor-column elementor-col-100 elementor-top-column elementor-element elementor-element-5a29c28\" data-id=\"5a29c28\" data-element_type=\"column\">\n\t\t\t<div class=\"elementor-widget-wrap elementor-element-populated\">\n\t\t\t\t\t\t<div class=\"elementor-element elementor-element-9d50e0d elementor-align-center elementor-widget elementor-widget-breadcrumbs\" data-id=\"9d50e0d\" data-element_type=\"widget\" data-widget_type=\"breadcrumbs.default\">\n\t\t\t\t<div class=\"elementor-widget-container\">\n\t\t\t\t\t<p id=\"breadcrumbs\"><span><span><a href=\"https:\/\/yolysaa.info\/en\/?page_id=917\">Portada<\/a><\/span><\/span><\/p>\t\t\t\t<\/div>\n\t\t\t\t<\/div>\n\t\t\t\t\t<\/div>\n\t\t<\/div>\n\t\t\t\t\t<\/div>\n\t\t<\/section>\n\t\t\t\t<section class=\"elementor-section elementor-top-section elementor-element elementor-element-758f410e elementor-section-full_width elementor-section-height-min-height elementor-section-items-stretch elementor-section-content-middle elementor-section-height-default\" data-id=\"758f410e\" data-element_type=\"section\" data-settings=\"{&quot;background_background&quot;:&quot;classic&quot;}\">\n\t\t\t\t\t\t\t<div class=\"elementor-background-overlay\"><\/div>\n\t\t\t\t\t\t\t<div class=\"elementor-container elementor-column-gap-no\">\n\t\t\t\t\t<div class=\"elementor-column elementor-col-50 elementor-top-column elementor-element elementor-element-70e1685d\" data-id=\"70e1685d\" data-element_type=\"column\">\n\t\t\t<div class=\"elementor-widget-wrap elementor-element-populated\">\n\t\t\t\t\t\t<div class=\"elementor-element elementor-element-002a0bb elementor-widget elementor-widget-image\" data-id=\"002a0bb\" data-element_type=\"widget\" data-widget_type=\"image.default\">\n\t\t\t\t<div class=\"elementor-widget-container\">\n\t\t\t\t\t\t\t\t\t\t\t\t\t\t\t<img fetchpriority=\"high\" decoding=\"async\" width=\"750\" height=\"349\" src=\"https:\/\/yolysaa.info\/wp-content\/uploads\/2023\/06\/yoly-saa_musica_artista_madrid-espana_logo-3-1024x476.png\" class=\"attachment-large size-large wp-image-635\" alt=\"\" srcset=\"https:\/\/yolysaa.info\/wp-content\/uploads\/2023\/06\/yoly-saa_musica_artista_madrid-espana_logo-3-1024x476.png 1024w, https:\/\/yolysaa.info\/wp-content\/uploads\/2023\/06\/yoly-saa_musica_artista_madrid-espana_logo-3-300x140.png 300w, https:\/\/yolysaa.info\/wp-content\/uploads\/2023\/06\/yoly-saa_musica_artista_madrid-espana_logo-3-768x357.png 768w, https:\/\/yolysaa.info\/wp-content\/uploads\/2023\/06\/yoly-saa_musica_artista_madrid-espana_logo-3-1536x714.png 1536w, https:\/\/yolysaa.info\/wp-content\/uploads\/2023\/06\/yoly-saa_musica_artista_madrid-espana_logo-3.png 1559w\" sizes=\"(max-width: 750px) 100vw, 750px\" style=\"width:100%;height:46.5%;max-width:1559px\" \/>\t\t\t\t\t\t\t\t\t\t\t\t\t\t\t<\/div>\n\t\t\t\t<\/div>\n\t\t\t\t<div class=\"elementor-element elementor-element-3b6180ef elementor-widget elementor-widget-text-editor\" data-id=\"3b6180ef\" data-element_type=\"widget\" data-widget_type=\"text-editor.default\">\n\t\t\t\t<div class=\"elementor-widget-container\">\n\t\t\t\t\t\t\t\t\t<p><span style=\"font-weight: 400;\">Yoly Saa is a young Galician singer-songwriter, based in Madrid, who arrived in the capital with the intention of making a place for herself in the national music scene, she went from playing in the subway to the publication of her first studio work: &#8220;Magma&#8221; which has led her to position herself as one of the most promising emerging talents in our country and to have the support of some of the most important national artists.<\/span><\/p>\n<\/p>\n<p><span style=\"font-weight: 400;\">His career continues unstoppable with the release of his first album last spring, &#8220;A Golpes de Fe&#8221;, which already has more than five million listens.  <\/span><\/p>\n<p><span style=\"font-weight: 400;\">And all this while she combines it with her work as a composer for great artists such as Mal\u00fa or Luz Casal. In addition to having participated in the successful RTVE program &#8220;D\u00faos Incre\u00edbles&#8221; singing with renowned artists such as Miguel Poveda, Ana Bel\u00e9n or Soledad Jim\u00e9nez.<\/span><\/p>\n<\/p>\n<p><span style=\"font-weight: 400;\">With a voice that grabs you from the first moment and lyrics that will make your hair stand on end, Yoly Saa has an audience that adores her, something that is reflected in the number of sold outs accumulated in her extensive tour both in Spain and Mexico, as her live performances are something exquisite and one of her strong points.<\/span><\/p><\/p>\n\t\t\t\t\t\t\t\t<\/div>\n\t\t\t\t<\/div>\n\t\t\t\t\t<\/div>\n\t\t<\/div>\n\t\t\t\t<div class=\"elementor-column elementor-col-50 elementor-top-column elementor-element elementor-element-3afb42f0\" data-id=\"3afb42f0\" data-element_type=\"column\" data-settings=\"{&quot;background_background&quot;:&quot;classic&quot;}\">\n\t\t\t<div class=\"elementor-widget-wrap elementor-element-populated\">\n\t\t\t\t\t\t<div class=\"elementor-element elementor-element-53669a26 elementor-widget elementor-widget-spacer\" data-id=\"53669a26\" data-element_type=\"widget\" data-widget_type=\"spacer.default\">\n\t\t\t\t<div class=\"elementor-widget-container\">\n\t\t\t\t\t\t\t<div class=\"elementor-spacer\">\n\t\t\t<div class=\"elementor-spacer-inner\"><\/div>\n\t\t<\/div>\n\t\t\t\t\t\t<\/div>\n\t\t\t\t<\/div>\n\t\t\t\t\t<\/div>\n\t\t<\/div>\n\t\t\t\t\t<\/div>\n\t\t<\/section>\n\t\t\t\t<\/div>\n\t\t","protected":false},"excerpt":{"rendered":"<p>Biography Yoly Saa is a young Galician singer-songwriter, based in Madrid, who arrived in the capital with the intention of making a place for herself in the national music scene, she went from playing in the subway to the publication of her first studio work: &#8220;Magma&#8221; which has led her to position herself as one&hellip; <a class=\"more-link\" href=\"https:\/\/yolysaa.info\/en\/bio\/\">Continue reading <span class=\"screen-reader-text\">Bio<\/span><\/a><\/p>\n","protected":false},"author":2,"featured_media":0,"parent":0,"menu_order":0,"comment_status":"closed","ping_status":"closed","template":"elementor_header_footer","meta":{"footnotes":""},"class_list":["post-638","page","type-page","status-publish","hentry","entry"],"yoast_head":"<!-- This site is optimized with the Yoast SEO plugin v25.5 - https:\/\/yoast.com\/wordpress\/plugins\/seo\/ -->\n<title>Bio - Yoly Saa<\/title>\n<meta name=\"description\" content=\"Yoly Saa - Young Galician singer-songwriter. Discover my story and path through the world of music and listen to my latest album.\" \/>\n<meta name=\"robots\" content=\"index, follow, max-snippet:-1, max-image-preview:large, max-video-preview:-1\" \/>\n<link rel=\"canonical\" href=\"https:\/\/yolysaa.info\/en\/bio\/\" \/>\n<meta property=\"og:locale\" content=\"en_US\" \/>\n<meta property=\"og:type\" content=\"article\" \/>\n<meta property=\"og:title\" content=\"Bio - Yoly Saa\" \/>\n<meta property=\"og:description\" content=\"Yoly Saa - Young Galician singer-songwriter. Discover my story and path through the world of music and listen to my latest album.\" \/>\n<meta property=\"og:url\" content=\"https:\/\/yolysaa.info\/en\/bio\/\" \/>\n<meta property=\"og:site_name\" content=\"Yoly Saa\" \/>\n<meta property=\"article:modified_time\" content=\"2024-05-13T09:55:34+00:00\" \/>\n<meta property=\"og:image\" content=\"https:\/\/yolysaa.info\/wp-content\/uploads\/2023\/06\/yoly-saa_musica_artista_madrid-espana_logo-3-1024x476.png\" \/>\n<meta name=\"twitter:card\" content=\"summary_large_image\" \/>\n<meta name=\"twitter:label1\" content=\"Est. reading time\" \/>\n\t<meta name=\"twitter:data1\" content=\"1 minute\" \/>\n<script type=\"application\/ld+json\" class=\"yoast-schema-graph\">{\"@context\":\"https:\/\/schema.org\",\"@graph\":[{\"@type\":\"WebPage\",\"@id\":\"https:\/\/yolysaa.info\/en\/bio\/\",\"url\":\"https:\/\/yolysaa.info\/en\/bio\/\",\"name\":\"Bio - Yoly Saa\",\"isPartOf\":{\"@id\":\"https:\/\/yolysaa.info\/en\/#website\"},\"primaryImageOfPage\":{\"@id\":\"https:\/\/yolysaa.info\/en\/bio\/#primaryimage\"},\"image\":{\"@id\":\"https:\/\/yolysaa.info\/en\/bio\/#primaryimage\"},\"thumbnailUrl\":\"https:\/\/yolysaa.info\/wp-content\/uploads\/2023\/06\/yoly-saa_musica_artista_madrid-espana_logo-3-1024x476.png\",\"datePublished\":\"2023-05-29T12:13:09+00:00\",\"dateModified\":\"2024-05-13T09:55:34+00:00\",\"description\":\"Yoly Saa - Young Galician singer-songwriter. Discover my story and path through the world of music and listen to my latest album.\",\"breadcrumb\":{\"@id\":\"https:\/\/yolysaa.info\/en\/bio\/#breadcrumb\"},\"inLanguage\":\"en-US\",\"potentialAction\":[{\"@type\":\"ReadAction\",\"target\":[\"https:\/\/yolysaa.info\/en\/bio\/\"]}]},{\"@type\":\"ImageObject\",\"inLanguage\":\"en-US\",\"@id\":\"https:\/\/yolysaa.info\/en\/bio\/#primaryimage\",\"url\":\"https:\/\/yolysaa.info\/wp-content\/uploads\/2023\/06\/yoly-saa_musica_artista_madrid-espana_logo-3-1024x476.png\",\"contentUrl\":\"https:\/\/yolysaa.info\/wp-content\/uploads\/2023\/06\/yoly-saa_musica_artista_madrid-espana_logo-3-1024x476.png\"},{\"@type\":\"BreadcrumbList\",\"@id\":\"https:\/\/yolysaa.info\/en\/bio\/#breadcrumb\",\"itemListElement\":[{\"@type\":\"ListItem\",\"position\":1,\"name\":\"Portada\",\"item\":\"https:\/\/yolysaa.info\/en\/?page_id=917\"},{\"@type\":\"ListItem\",\"position\":2,\"name\":\"Bio\"}]},{\"@type\":\"WebSite\",\"@id\":\"https:\/\/yolysaa.info\/en\/#website\",\"url\":\"https:\/\/yolysaa.info\/en\/\",\"name\":\"Yoly Saa\",\"description\":\"Artista\/M\u00fasico\",\"publisher\":{\"@id\":\"https:\/\/yolysaa.info\/en\/#\/schema\/person\/4c1cefd16a9e4f53fd87f2a372ff27f0\"},\"potentialAction\":[{\"@type\":\"SearchAction\",\"target\":{\"@type\":\"EntryPoint\",\"urlTemplate\":\"https:\/\/yolysaa.info\/en\/?s={search_term_string}\"},\"query-input\":{\"@type\":\"PropertyValueSpecification\",\"valueRequired\":true,\"valueName\":\"search_term_string\"}}],\"inLanguage\":\"en-US\"},{\"@type\":[\"Person\",\"Organization\"],\"@id\":\"https:\/\/yolysaa.info\/en\/#\/schema\/person\/4c1cefd16a9e4f53fd87f2a372ff27f0\",\"name\":\"admin_yoly\",\"image\":{\"@type\":\"ImageObject\",\"inLanguage\":\"en-US\",\"@id\":\"https:\/\/yolysaa.info\/en\/#\/schema\/person\/image\/\",\"url\":\"https:\/\/yolysaa.info\/wp-content\/uploads\/2023\/05\/yoly-saa_musica_artista_madrid-espana_logo-1.png\",\"contentUrl\":\"https:\/\/yolysaa.info\/wp-content\/uploads\/2023\/05\/yoly-saa_musica_artista_madrid-espana_logo-1.png\",\"width\":1920,\"height\":351,\"caption\":\"admin_yoly\"},\"logo\":{\"@id\":\"https:\/\/yolysaa.info\/en\/#\/schema\/person\/image\/\"}}]}<\/script>\n<!-- \/ Yoast SEO plugin. -->","yoast_head_json":{"title":"Bio - Yoly Saa","description":"Yoly Saa - Young Galician singer-songwriter. Discover my story and path through the world of music and listen to my latest album.","robots":{"index":"index","follow":"follow","max-snippet":"max-snippet:-1","max-image-preview":"max-image-preview:large","max-video-preview":"max-video-preview:-1"},"canonical":"https:\/\/yolysaa.info\/en\/bio\/","og_locale":"en_US","og_type":"article","og_title":"Bio - Yoly Saa","og_description":"Yoly Saa - Young Galician singer-songwriter. Discover my story and path through the world of music and listen to my latest album.","og_url":"https:\/\/yolysaa.info\/en\/bio\/","og_site_name":"Yoly Saa","article_modified_time":"2024-05-13T09:55:34+00:00","og_image":[{"url":"https:\/\/yolysaa.info\/wp-content\/uploads\/2023\/06\/yoly-saa_musica_artista_madrid-espana_logo-3-1024x476.png","type":"","width":"","height":""}],"twitter_card":"summary_large_image","twitter_misc":{"Est. reading time":"1 minute"},"schema":{"@context":"https:\/\/schema.org","@graph":[{"@type":"WebPage","@id":"https:\/\/yolysaa.info\/en\/bio\/","url":"https:\/\/yolysaa.info\/en\/bio\/","name":"Bio - Yoly Saa","isPartOf":{"@id":"https:\/\/yolysaa.info\/en\/#website"},"primaryImageOfPage":{"@id":"https:\/\/yolysaa.info\/en\/bio\/#primaryimage"},"image":{"@id":"https:\/\/yolysaa.info\/en\/bio\/#primaryimage"},"thumbnailUrl":"https:\/\/yolysaa.info\/wp-content\/uploads\/2023\/06\/yoly-saa_musica_artista_madrid-espana_logo-3-1024x476.png","datePublished":"2023-05-29T12:13:09+00:00","dateModified":"2024-05-13T09:55:34+00:00","description":"Yoly Saa - Young Galician singer-songwriter. Discover my story and path through the world of music and listen to my latest album.","breadcrumb":{"@id":"https:\/\/yolysaa.info\/en\/bio\/#breadcrumb"},"inLanguage":"en-US","potentialAction":[{"@type":"ReadAction","target":["https:\/\/yolysaa.info\/en\/bio\/"]}]},{"@type":"ImageObject","inLanguage":"en-US","@id":"https:\/\/yolysaa.info\/en\/bio\/#primaryimage","url":"https:\/\/yolysaa.info\/wp-content\/uploads\/2023\/06\/yoly-saa_musica_artista_madrid-espana_logo-3-1024x476.png","contentUrl":"https:\/\/yolysaa.info\/wp-content\/uploads\/2023\/06\/yoly-saa_musica_artista_madrid-espana_logo-3-1024x476.png"},{"@type":"BreadcrumbList","@id":"https:\/\/yolysaa.info\/en\/bio\/#breadcrumb","itemListElement":[{"@type":"ListItem","position":1,"name":"Portada","item":"https:\/\/yolysaa.info\/en\/?page_id=917"},{"@type":"ListItem","position":2,"name":"Bio"}]},{"@type":"WebSite","@id":"https:\/\/yolysaa.info\/en\/#website","url":"https:\/\/yolysaa.info\/en\/","name":"Yoly Saa","description":"Artista\/M\u00fasico","publisher":{"@id":"https:\/\/yolysaa.info\/en\/#\/schema\/person\/4c1cefd16a9e4f53fd87f2a372ff27f0"},"potentialAction":[{"@type":"SearchAction","target":{"@type":"EntryPoint","urlTemplate":"https:\/\/yolysaa.info\/en\/?s={search_term_string}"},"query-input":{"@type":"PropertyValueSpecification","valueRequired":true,"valueName":"search_term_string"}}],"inLanguage":"en-US"},{"@type":["Person","Organization"],"@id":"https:\/\/yolysaa.info\/en\/#\/schema\/person\/4c1cefd16a9e4f53fd87f2a372ff27f0","name":"admin_yoly","image":{"@type":"ImageObject","inLanguage":"en-US","@id":"https:\/\/yolysaa.info\/en\/#\/schema\/person\/image\/","url":"https:\/\/yolysaa.info\/wp-content\/uploads\/2023\/05\/yoly-saa_musica_artista_madrid-espana_logo-1.png","contentUrl":"https:\/\/yolysaa.info\/wp-content\/uploads\/2023\/05\/yoly-saa_musica_artista_madrid-espana_logo-1.png","width":1920,"height":351,"caption":"admin_yoly"},"logo":{"@id":"https:\/\/yolysaa.info\/en\/#\/schema\/person\/image\/"}}]}},"_links":{"self":[{"href":"https:\/\/yolysaa.info\/en\/wp-json\/wp\/v2\/pages\/638","targetHints":{"allow":["GET"]}}],"collection":[{"href":"https:\/\/yolysaa.info\/en\/wp-json\/wp\/v2\/pages"}],"about":[{"href":"https:\/\/yolysaa.info\/en\/wp-json\/wp\/v2\/types\/page"}],"author":[{"embeddable":true,"href":"https:\/\/yolysaa.info\/en\/wp-json\/wp\/v2\/users\/2"}],"replies":[{"embeddable":true,"href":"https:\/\/yolysaa.info\/en\/wp-json\/wp\/v2\/comments?post=638"}],"version-history":[{"count":7,"href":"https:\/\/yolysaa.info\/en\/wp-json\/wp\/v2\/pages\/638\/revisions"}],"predecessor-version":[{"id":746,"href":"https:\/\/yolysaa.info\/en\/wp-json\/wp\/v2\/pages\/638\/revisions\/746"}],"wp:attachment":[{"href":"https:\/\/yolysaa.info\/en\/wp-json\/wp\/v2\/media?parent=638"}],"curies":[{"name":"wp","href":"https:\/\/api.w.org\/{rel}","templated":true}]}}